{"id":298,"date":"2019-03-28T00:59:27","date_gmt":"2019-03-27T15:59:27","guid":{"rendered":"http:\/\/shikukai.org\/?page_id=298"},"modified":"2026-04-04T22:39:10","modified_gmt":"2026-04-04T13:39:10","slug":"jimukyoku","status":"publish","type":"page","link":"https:\/\/shikukai.org\/en\/jimukyoku\/","title":{"rendered":"Operating Structure"},"content":{"rendered":"<h1 style=\"text-align: center;\">secretariat<\/h1>\n<h3 style=\"text-align: center; max-width: 900px; margin: auto; line-height: 1.8;\">We apply for competitions and judging, manage sports insurance, and update our website.<\/h3>\n<div class=\"instructor-grid\">\n<div class=\"instructor-card\">\n<h3>Head of the secretariat<\/h3>\n<p>Koki Abe<\/p>\n<\/div>\n<div class=\"instructor-card\">\n<h3>Accountant<\/h3>\n<p>Masahito Maruyama<\/p>\n<\/div>\n<div class=\"instructor-card\">\n<h3>Match\/Registration<\/h3>\n<p>Wataru Kawachi<\/p>\n<\/div>\n<div class=\"instructor-card\">\n<h3>Match and registration assistant<\/h3>\n<p>Tomohiro Ishizuka<br \/>\nEisuke Fujiwara<\/p>\n<\/div>\n<div class=\"instructor-card\">\n<h3>Sports insurance<\/h3>\n<p>Wataru Kawachi<\/p>\n<\/div>\n<div class=\"instructor-card\">\n<h3>Publicity<\/h3>\n<p>Koba, Kinoshita<\/p>\n<\/div>\n<div class=\"instructor-card\">\n<h3>Liaison<\/h3>\n<p>Wataru Kawachi<\/p>\n<\/div>\n<div class=\"instructor-card\">\n<h3>Domestic Tours &amp; Matches Coordinator<\/h3>\n<p>Masataka Sawada<\/p>\n<\/div>\n<div class=\"instructor-card\">\n<h3>Dojo management<\/h3>\n<p>Tomohiro Ishizuka<\/p>\n<\/div>\n<\/div>\n<h1 style=\"text-align: center; margin-top: 60px;\">association of volunteers<\/h1>\n<div style=\"max-width: 900px; margin: 30px auto; text-align: center;\">\n<div class=\"instructor-grid\">\n<div class=\"instructor-card\">\n<p><img decoding=\"async\" src=\"https:\/\/shikukai.org\/wp-content\/uploads\/2019\/04\/sensei2.jpg\" \/><\/p>\n<h3>Chairman<\/h3>\n<p>Kazuhiko Komori<\/p>\n<\/div>\n<div class=\"instructor-card\">\n<h3>Vice president (of a club or organization, organisation)<\/h3>\n<p>Hiroyuki Okamoto<\/p>\n<\/div>\n<\/div>\n<\/div>\n<div style=\"max-width: 900px; margin: 40px auto; font-size: 16px; line-height: 1.9;\">\n<p>The Shikukai is a community run by volunteers from the teachers and the parents' association, under the guidance of Professor Iwanami.<\/p>\n<p>We value the importance of children setting goals, working hard, and improving themselves.<br \/>\nI believe that there is always a higher goal in life, and that the process of striving towards that goal is what helps a person grow.<\/p>\n<p>What you need when you face difficulties is \"strong mental fortitude.\"<br \/>\nAlong with knowledge and skills, cultivating one's mind is the driving force.<\/p>\n<p>The volunteer group is formed through the cooperation of teachers and the parents' association.<br \/>\nOur aim is to cultivate in children the strong mental fortitude necessary to thrive in society.<\/p>\n<p>Sh\u014dgakusei kara otona made ts\u016bjiru subarash\u012b kend\u014d o, zehi shikukai de go taiken kudasai.\n35\nCome and experience the wonderful art of kendo, suitable for everyone from elementary school students to adults, at the Shikukai dojo.<\/p>\n<\/div>\n<h2 style=\"text-align: center;\">Federation officials<\/h2>\n<p style=\"text-align: center;\">Our members serve as officers of the Kawasaki City Kendo Federation and the Miyamae Ward Kendo Federation.<br \/>\nWe contribute to the operation of the local kendo federation.<\/p>\n<div class=\"instructor-grid\">\n<div class=\"instructor-card\">\n<h3>Hiroyuki Okamoto<\/h3>\n<p>Vice Chairman (Miyamae Ward Kendo Federation)<\/p>\n<\/div>\n<div class=\"instructor-card\">\n<h3>Koki Abe<\/h3>\n<p>Vice Chairman (Miyamae Ward Kendo Federation)<\/p>\n<\/div>\n<div class=\"instructor-card\">\n<h3>Yohei Kamata<\/h3>\n<p>Board Member (Miyamae Ward Kendo Federation)<\/p>\n<\/div>\n<div class=\"instructor-card\">\n<h3>Masataka Sawada<\/h3>\n<p>Board Member (Miyamae Ward Kendo Federation)<\/p>\n<\/div>\n<\/div>\n<p style=\"text-align: center; margin-top: 30px;\"><a href=\"https:\/\/shikukai.org\/en\/group\/master\/\">\u25b6 Click here to see the Master's introduction.<\/a><br \/>\n<a href=\"https:\/\/shikukai.org\/en\/trial\/\">\u25b6 Click here to request a trial or tour.<\/a><\/p>","protected":false},"excerpt":{"rendered":"<p>\u4e8b\u52d9\u5c40 \u5927\u4f1a\u30fb\u5be9\u67fb\u306e\u7533\u3057\u8fbc\u307f\u3001\u30b9\u30dd\u30fc\u30c4\u4fdd\u967a\u306e\u7ba1\u7406\u3001HP\u66f4\u65b0\u306a &#8230;<\/p>","protected":false},"author":1,"featured_media":0,"parent":0,"menu_order":1,"comment_status":"closed","ping_status":"closed","template":"","meta":{"footnotes":""},"class_list":["post-298","page","type-page","status-publish","hentry"],"aioseo_notices":[],"_links":{"self":[{"href":"https:\/\/shikukai.org\/en\/wp-json\/wp\/v2\/pages\/298","targetHints":{"allow":["GET"]}}],"collection":[{"href":"https:\/\/shikukai.org\/en\/wp-json\/wp\/v2\/pages"}],"about":[{"href":"https:\/\/shikukai.org\/en\/wp-json\/wp\/v2\/types\/page"}],"author":[{"embeddable":true,"href":"https:\/\/shikukai.org\/en\/wp-json\/wp\/v2\/users\/1"}],"replies":[{"embeddable":true,"href":"https:\/\/shikukai.org\/en\/wp-json\/wp\/v2\/comments?post=298"}],"version-history":[{"count":36,"href":"https:\/\/shikukai.org\/en\/wp-json\/wp\/v2\/pages\/298\/revisions"}],"predecessor-version":[{"id":3589,"href":"https:\/\/shikukai.org\/en\/wp-json\/wp\/v2\/pages\/298\/revisions\/3589"}],"wp:attachment":[{"href":"https:\/\/shikukai.org\/en\/wp-json\/wp\/v2\/media?parent=298"}],"curies":[{"name":"wp","href":"https:\/\/api.w.org\/{rel}","templated":true}]}}